{"id":7,"date":"2021-04-28T11:07:17","date_gmt":"2021-04-28T11:07:17","guid":{"rendered":"https:\/\/oneplanetstandard.org\/?page_id=7"},"modified":"2021-04-28T11:59:42","modified_gmt":"2021-04-28T11:59:42","slug":"about","status":"publish","type":"page","link":"https:\/\/oneplanetstandard.world\/cy\/about\/","title":{"rendered":"Amdanom Ni"},"content":{"rendered":"<p>Mae'r Safon Un Blaned wedi'i datblygu gan y CBC Canolfan Un Blaned mewn cydweithrediad ag Assessment Services Ltd.<\/p>\n<h2>Yngl\u0177n \u00e2 CBC Canolfan Un Blaned<\/h2>\n<p>Mae&#039;r Ganolfan yn Gwmni Budd Cymunedol dielw (cwmni rhif 12510450), ac yn rhwydwaith o ymarferwyr ac ymchwilwyr ymroddedig. Mae wedi&#039;i leoli yng Nghymru, y DU. Mae&#039;n cefnogi unrhyw sefydliadau, cymunedau ac unigolion sy&#039;n ceisio lleihau eu holion traed ecolegol a charbon gyda gweithdai, offer, ymgynghoriaeth, hyfforddiant a chyfathrebu. Mwy: <a href=\"http:\/\/theoneplanetlife.com\/cy\" target=\"_blank\" rel=\"noopener\">https:\/\/oneplanetcentre.org<\/a>.<\/p>\n<h2>Gwybodaeth am Assessment Services Ltd.<\/h2>\n<p>Mae'n ganolfan asesu annibynnol ryngwladol gyda dros 30 mlynedd o brofiad mewn asesu ac achredu. Mae wedi ymrwymo i sicrhau proses asesu sy'n ychwanegu gwerth at sefydliadau sy'n cael eu hachredu. Mwy: <a href=\"https:\/\/assessmentservices.com\/\" target=\"_blank\" rel=\"noopener\">https:\/\/assessmentservices.com\/<\/a><\/p>","protected":false},"excerpt":{"rendered":"<p>Mae&#039;r Safon Un Blaned wedi&#039;i datblygu gan The One Planet Center CIC mewn cydweithrediad \u00e2 Asesu Gwasanaethau Cyf. Yngl\u0177n \u00e2 CBC Canolfan One Planet Mae&#039;r Ganolfan yn Gwmni Budd Cymunedol dielw (cwmni rhif 12510450), a rhwydwaith o bwrpasol ymarferwyr ac ymchwilwyr. Mae wedi&#039;i leoli yng Nghymru, y DU. Mae&#039;n cefnogi unrhyw sefydliadau, cymunedau [\u2026]<\/p>","protected":false},"author":3,"featured_media":0,"parent":0,"menu_order":0,"comment_status":"closed","ping_status":"closed","template":"","meta":{"_acf_changed":false,"content-type":"","footnotes":""},"class_list":["post-7","page","type-page","status-publish","hentry"],"acf":[],"_links":{"self":[{"href":"https:\/\/oneplanetstandard.world\/cy\/wp-json\/wp\/v2\/pages\/7","targetHints":{"allow":["GET"]}}],"collection":[{"href":"https:\/\/oneplanetstandard.world\/cy\/wp-json\/wp\/v2\/pages"}],"about":[{"href":"https:\/\/oneplanetstandard.world\/cy\/wp-json\/wp\/v2\/types\/page"}],"author":[{"embeddable":true,"href":"https:\/\/oneplanetstandard.world\/cy\/wp-json\/wp\/v2\/users\/3"}],"replies":[{"embeddable":true,"href":"https:\/\/oneplanetstandard.world\/cy\/wp-json\/wp\/v2\/comments?post=7"}],"version-history":[{"count":6,"href":"https:\/\/oneplanetstandard.world\/cy\/wp-json\/wp\/v2\/pages\/7\/revisions"}],"predecessor-version":[{"id":47,"href":"https:\/\/oneplanetstandard.world\/cy\/wp-json\/wp\/v2\/pages\/7\/revisions\/47"}],"wp:attachment":[{"href":"https:\/\/oneplanetstandard.world\/cy\/wp-json\/wp\/v2\/media?parent=7"}],"curies":[{"name":"wp","href":"https:\/\/api.w.org\/{rel}","templated":true}]}}